{"id":41,"date":"2024-11-25T13:52:02","date_gmt":"2024-11-25T13:52:02","guid":{"rendered":"https:\/\/filumauri.fi\/?page_id=41"},"modified":"2026-04-14T16:09:47","modified_gmt":"2026-04-14T16:09:47","slug":"sinua-varten","status":"publish","type":"page","link":"https:\/\/filumauri.fi\/","title":{"rendered":"Sinua varten"},"content":{"rendered":"\n<h1 data-wp-context---core-fit-text=\"core\/fit-text::{&quot;fontSize&quot;:&quot;&quot;}\" data-wp-init---core-fit-text=\"core\/fit-text::callbacks.init\" data-wp-interactive data-wp-style--font-size=\"core\/fit-text::context.fontSize\" class=\"wp-block-heading has-fit-text\">Filum auri<\/h1>\n\n\n\n<p><\/p>\n\n\n\n<h2 class=\"wp-block-heading\"><\/h2>\n\n\n\n<h2 class=\"wp-block-heading alignwide\" id=\"we-re-a-studio-in-berlin-with-an-international-practice-in-architecture-urban-planning-and-interior-design-we-believe-in-sharing-knowledge-and-promoting-dialogue-to-increase-the-creative-potential-of-collaboration\" style=\"font-size:48px;line-height:1.1\">El\u00e4m\u00e4 on t\u00e4ynn\u00e4 solmuja ja k\u00e4\u00e4nteit\u00e4, joissa joskus tarvitaan rauhallista tilaa ajatuksille ja rakentavaa tukea.<\/h2>\n\n\n\n<hr class=\"wp-block-separator has-alpha-channel-opacity\"\/>\n\n\n\n<p data-wp-context---core-fit-text=\"core\/fit-text::{&quot;fontSize&quot;:&quot;&quot;}\" data-wp-init---core-fit-text=\"core\/fit-text::callbacks.init\" data-wp-interactive data-wp-style--font-size=\"core\/fit-text::context.fontSize\" class=\"has-fit-text\">Keskusteluapuni tarjoaa tilan, jossa voit purkaa ajatuksiasi ja rakentaa uusia polkuja.<\/p>\n\n\n\n<p>Tarjoan sinulle keinoja, jotka auttavat sinua l\u00f6yt\u00e4m\u00e4\u00e4n tasapainon, merkityksen ja suunnan arjessa sek\u00e4 ty\u00f6el\u00e4m\u00e4ss\u00e4.<\/p>\n\n\n\n<p>Olen t\u00e4\u00e4ll\u00e4 sinua varten \u2013 olipa kyseess\u00e4 henkil\u00f6kohtainen kasvu, haastavat el\u00e4m\u00e4ntilanteet tai ammatillinen kehittyminen. Keskusteluapuni tarjoaa tilan, jossa voit purkaa ajatuksiasi ja rakentaa uusia polkuja.<\/p>\n\n\n\n<h2 class=\"wp-block-heading has-text-align-center\">L\u00e4hde kanssani matkalle, jossa jokainen askel vahvistaa omaa kultaisen lankasi tarinaa.<\/h2>\n\n\n\n<p><\/p>\n\n\n\n<p><\/p>\n\n\n\n<h3 class=\"wp-block-heading has-text-align-center\">Yhdess\u00e4 eteenp\u00e4in.<\/h3>\n\n\n<div class=\"wp-block-image\">\n<figure class=\"aligncenter\"><img decoding=\"async\" src=\"https:\/\/filumauri.fi\/wp-content\/uploads\/elementor\/thumbs\/20240716_115155-scaled-qx8w52eynfgmvsmeje5nsxucacjthll5cygu9vleu0.jpg\" alt=\"\" title=\"\"\/><\/figure>\n<\/div>\n\n\n<h4 class=\"wp-block-heading\">Ole yhteydess\u00e4: natalia.penttinen@filumauri.fi<\/h4>\n\n\n\n<div class=\"wp-block-group is-nowrap is-layout-flex wp-container-core-group-is-layout-ad2f72ca wp-block-group-is-layout-flex\">\n<figure class=\"wp-block-pullquote\"><blockquote><p>Natalialla on ainutlaatuinen kyky yhdist\u00e4\u00e4 asiantuntemuksensa empaattiseen l\u00e4hestymistapaan, mik\u00e4 tekee yhteisty\u00f6st\u00e4 h\u00e4nen kanssaan sek\u00e4 tehokasta ett\u00e4 inspiroivaa.<br>Emilia<\/p><\/blockquote><\/figure>\n\n\n\n<p><br><\/p>\n<\/div>\n\n\n\n<figure class=\"wp-block-pullquote\"><blockquote><p>Natalian taito kuunnella, ymm\u00e4rt\u00e4\u00e4 yksil\u00f6llisi\u00e4 tarpeita ja tarjota r\u00e4\u00e4t\u00e4l\u00f6ityj\u00e4 ratkaisuja erottuvat selke\u00e4sti edukseen. Jos etsit henkil\u00f6\u00e4, joka ei pelk\u00e4st\u00e4\u00e4n auta sinua saavuttamaan tavoitteitasi, vaan my\u00f6s tukee sinua matkallasi kokonaisvaltaisesti, Natalia on oikea valinta.<br>Hukassa<\/p><\/blockquote><\/figure>\n\n\n\n<p><\/p>\n","protected":false},"excerpt":{"rendered":"<p>Filum auri El\u00e4m\u00e4 on t\u00e4ynn\u00e4 solmuja ja k\u00e4\u00e4nteit\u00e4, joissa joskus tarvitaan rauhallista tilaa ajatuksille ja rakentavaa tukea. Keskusteluapuni tarjoaa tilan, jossa voit purkaa ajatuksiasi ja rakentaa uusia polkuja. Tarjoan sinulle keinoja, jotka auttavat sinua l\u00f6yt\u00e4m\u00e4\u00e4n tasapainon, merkityksen ja suunnan arjessa sek\u00e4 ty\u00f6el\u00e4m\u00e4ss\u00e4. Olen t\u00e4\u00e4ll\u00e4 sinua varten \u2013 olipa kyseess\u00e4 henkil\u00f6kohtainen kasvu, haastavat el\u00e4m\u00e4ntilanteet tai ammatillinen [&hellip;]<\/p>\n","protected":false},"author":1,"featured_media":0,"parent":0,"menu_order":0,"comment_status":"closed","ping_status":"closed","template":"templates\/landing.php","meta":{"footnotes":""},"class_list":["post-41","page","type-page","status-publish","hentry","entry"],"_links":{"self":[{"href":"https:\/\/filumauri.fi\/index.php\/wp-json\/wp\/v2\/pages\/41","targetHints":{"allow":["GET"]}}],"collection":[{"href":"https:\/\/filumauri.fi\/index.php\/wp-json\/wp\/v2\/pages"}],"about":[{"href":"https:\/\/filumauri.fi\/index.php\/wp-json\/wp\/v2\/types\/page"}],"author":[{"embeddable":true,"href":"https:\/\/filumauri.fi\/index.php\/wp-json\/wp\/v2\/users\/1"}],"replies":[{"embeddable":true,"href":"https:\/\/filumauri.fi\/index.php\/wp-json\/wp\/v2\/comments?post=41"}],"version-history":[{"count":123,"href":"https:\/\/filumauri.fi\/index.php\/wp-json\/wp\/v2\/pages\/41\/revisions"}],"predecessor-version":[{"id":228,"href":"https:\/\/filumauri.fi\/index.php\/wp-json\/wp\/v2\/pages\/41\/revisions\/228"}],"wp:attachment":[{"href":"https:\/\/filumauri.fi\/index.php\/wp-json\/wp\/v2\/media?parent=41"}],"curies":[{"name":"wp","href":"https:\/\/api.w.org\/{rel}","templated":true}]}}